{"id":65,"date":"2010-08-15T19:09:20","date_gmt":"2010-08-15T19:09:20","guid":{"rendered":"http:\/\/demo.studiopress.com\/genesis"},"modified":"2021-01-14T19:22:33","modified_gmt":"2021-01-14T19:22:33","slug":"sc","status":"publish","type":"page","link":"https:\/\/osteopathie-kellermann.de\/index.php\/layouts\/sc\/","title":{"rendered":""},"content":{"rendered":"<p>Eine osteopathische Behandlung ist grunds\u00e4tzlich eine private Leistung. Die Abrechnung erfolgt \u00fcber die Geb\u00fchrenverordnung f\u00fcr Heilpraktiker (Geb\u00fcH).<\/p>\n<p>Bitte informieren Sie sich vorab bei Ihrer private Krankenkasse, Beihilfe oder privaten Zusatzversicherung, in welcher H\u00f6he die Kosten f\u00fcr Sie \u00fcbernommen werden.<\/p>\n<p>Unter dem folgenden Link finden Sie gesetzliche Krankenkassen, die osteopathische Behandlungen unterst\u00fctzen.<\/p>\n<p><a href=\"https:\/\/bv-osteopathie.de\/fuer-patienten\/kostenerstattung-osteopathie\/\">https:\/\/bv-osteopathie.de\/fuer-patienten\/kostenerstattung-osteopathie\/<\/a><\/p>\n<p>Bei Fragen hierzu k\u00f6nnen Sie sich gerne an mich wenden.<\/p>\n","protected":false},"excerpt":{"rendered":"<p>Eine osteopathische Behandlung ist grunds\u00e4tzlich eine private Leistung. Die Abrechnung erfolgt \u00fcber die Geb\u00fchrenverordnung f\u00fcr Heilpraktiker (Geb\u00fcH). Bitte informieren Sie sich vorab bei Ihrer private Krankenkasse, Beihilfe oder privaten Zusatzversicherung, in welcher H\u00f6he die Kosten f\u00fcr Sie \u00fcbernommen werden. Unter dem folgenden Link finden Sie gesetzliche Krankenkassen, die osteopathische Behandlungen unterst\u00fctzen. https:\/\/bv-osteopathie.de\/fuer-patienten\/kostenerstattung-osteopathie\/ Bei Fragen hierzu [&hellip;]<\/p>\n","protected":false},"author":1,"featured_media":0,"parent":61,"menu_order":0,"comment_status":"open","ping_status":"closed","template":"","meta":{"_genesis_hide_title":false,"_genesis_hide_breadcrumbs":false,"_genesis_hide_singular_image":false,"_genesis_hide_footer_widgets":false,"_genesis_custom_body_class":"","_genesis_custom_post_class":"","_genesis_layout":"sidebar-content"},"aioseo_notices":[],"featured_image_src":null,"featured_image_src_square":null,"_links":{"self":[{"href":"https:\/\/osteopathie-kellermann.de\/index.php\/wp-json\/wp\/v2\/pages\/65"}],"collection":[{"href":"https:\/\/osteopathie-kellermann.de\/index.php\/wp-json\/wp\/v2\/pages"}],"about":[{"href":"https:\/\/osteopathie-kellermann.de\/index.php\/wp-json\/wp\/v2\/types\/page"}],"author":[{"embeddable":true,"href":"https:\/\/osteopathie-kellermann.de\/index.php\/wp-json\/wp\/v2\/users\/1"}],"replies":[{"embeddable":true,"href":"https:\/\/osteopathie-kellermann.de\/index.php\/wp-json\/wp\/v2\/comments?post=65"}],"version-history":[{"count":5,"href":"https:\/\/osteopathie-kellermann.de\/index.php\/wp-json\/wp\/v2\/pages\/65\/revisions"}],"predecessor-version":[{"id":783,"href":"https:\/\/osteopathie-kellermann.de\/index.php\/wp-json\/wp\/v2\/pages\/65\/revisions\/783"}],"up":[{"embeddable":true,"href":"https:\/\/osteopathie-kellermann.de\/index.php\/wp-json\/wp\/v2\/pages\/61"}],"wp:attachment":[{"href":"https:\/\/osteopathie-kellermann.de\/index.php\/wp-json\/wp\/v2\/media?parent=65"}],"curies":[{"name":"wp","href":"https:\/\/api.w.org\/{rel}","templated":true}]}}