{"id":181,"date":"2011-02-03T18:06:59","date_gmt":"2011-02-03T18:06:59","guid":{"rendered":"http:\/\/demo.studiopress.com\/genesis\/?page_id=181"},"modified":"2020-11-15T14:02:42","modified_gmt":"2020-11-15T14:02:42","slug":"columns","status":"publish","type":"page","link":"https:\/\/osteopathie-kellermann.de\/","title":{"rendered":""},"content":{"rendered":"<div class=\"entry-content\">\n<h4>Herzlich Willkommen<\/h4>\n<p>in meiner Praxis f\u00fcr Osteopathie in Roth.<\/p>\n<p>Auf diesen Seiten erfahren Sie alles Wissenswerte \u00fcber die osteopathische Heilkunst und ihre ganzheitliche Herangehensweise.<\/p>\n<p>Dazu geh\u00f6rt vorab eine ausf\u00fchrliche Beratung, Aufkl\u00e4rung und Untersuchung. Individuelle Anspr\u00fcche erfordern individuelle Behandlungswege, um das bestm\u00f6glichste Ergebnis f\u00fcr Sie zu erzielen.<\/p>\n<p>Ich freue mich, Sie bald bei mir begr\u00fc\u00dfen zu d\u00fcrfen.<\/p>\n<p>Ihre<br \/>\nSabrina Kellermann<\/p>\n<p><img loading=\"lazy\" class=\"alignnone  wp-image-747\" src=\"https:\/\/osteopathie-kellermann.de\/wp-content\/uploads\/2020\/10\/logo-finish-288x300.png\" alt=\"\" width=\"100\" height=\"105\" \/><\/p>\n<\/div>\n<div class=\"entry-content\">Osteopathie Kellermann<br \/>\nKugelb\u00fchlstra\u00dfe 36<br \/>\n91154 Roth<\/div>\n<div><\/div>\n<div><\/div>\n<div><\/div>\n<div><\/div>\n<div><\/div>\n<div><\/div>\n<div class=\"entry-content\">Telefon Praxis: 09171 8954801<br \/>\nMobil: 0177 9376929<br \/>\ninfo@osteopathie-kellermann.de<\/p>\n<\/div>\n","protected":false},"excerpt":{"rendered":"<p>Herzlich Willkommen in meiner Praxis f\u00fcr Osteopathie in Roth. Auf diesen Seiten erfahren Sie alles Wissenswerte \u00fcber die osteopathische Heilkunst und ihre ganzheitliche Herangehensweise. Dazu geh\u00f6rt vorab eine ausf\u00fchrliche Beratung, Aufkl\u00e4rung und Untersuchung. Individuelle Anspr\u00fcche erfordern individuelle Behandlungswege, um das bestm\u00f6glichste Ergebnis f\u00fcr Sie zu erzielen. Ich freue mich, Sie bald bei mir begr\u00fc\u00dfen zu [&hellip;]<\/p>\n","protected":false},"author":1,"featured_media":0,"parent":0,"menu_order":0,"comment_status":"open","ping_status":"closed","template":"","meta":{"_genesis_hide_title":false,"_genesis_hide_breadcrumbs":false,"_genesis_hide_singular_image":false,"_genesis_hide_footer_widgets":false,"_genesis_custom_body_class":"","_genesis_custom_post_class":"","_genesis_layout":"full-width-content"},"aioseo_notices":[],"featured_image_src":null,"featured_image_src_square":null,"_links":{"self":[{"href":"https:\/\/osteopathie-kellermann.de\/index.php\/wp-json\/wp\/v2\/pages\/181"}],"collection":[{"href":"https:\/\/osteopathie-kellermann.de\/index.php\/wp-json\/wp\/v2\/pages"}],"about":[{"href":"https:\/\/osteopathie-kellermann.de\/index.php\/wp-json\/wp\/v2\/types\/page"}],"author":[{"embeddable":true,"href":"https:\/\/osteopathie-kellermann.de\/index.php\/wp-json\/wp\/v2\/users\/1"}],"replies":[{"embeddable":true,"href":"https:\/\/osteopathie-kellermann.de\/index.php\/wp-json\/wp\/v2\/comments?post=181"}],"version-history":[{"count":26,"href":"https:\/\/osteopathie-kellermann.de\/index.php\/wp-json\/wp\/v2\/pages\/181\/revisions"}],"predecessor-version":[{"id":769,"href":"https:\/\/osteopathie-kellermann.de\/index.php\/wp-json\/wp\/v2\/pages\/181\/revisions\/769"}],"wp:attachment":[{"href":"https:\/\/osteopathie-kellermann.de\/index.php\/wp-json\/wp\/v2\/media?parent=181"}],"curies":[{"name":"wp","href":"https:\/\/api.w.org\/{rel}","templated":true}]}}